{"id":99,"date":"2020-06-04T07:53:22","date_gmt":"2020-06-04T07:53:22","guid":{"rendered":"https:\/\/www.autoescolabelba.com\/tienda\/?post_type=product&#038;p=99"},"modified":"2025-12-24T12:28:39","modified_gmt":"2025-12-24T12:28:39","slug":"teorico-a2","status":"publish","type":"product","link":"https:\/\/www.autoescolabelba.com\/tienda\/producto\/teorico-a2\/","title":{"rendered":"TE\u00d3RICO A2"},"content":{"rendered":"<p>Incluye:<\/p>\n<ul>\n<li>Inscripci\u00f3n a Belba y acceso a todos nuestros servicios.<\/li>\n<li>Tramitaci\u00f3n y gesti\u00f3n de documentaci\u00f3n en tr\u00e1fico.<\/li>\n<li>Clases presenciales ilimitadas.<\/li>\n<li>Disponibilidad de nuestros equipos t\u00e1ctiles para realizar test.<\/li>\n<li>Test online.\u00a0 \u00a0* 2 meses *<\/li>\n<li>Ayuda presencial personalizada para resolver tus dudas de los test de examen.<\/li>\n<\/ul>\n","protected":false},"excerpt":{"rendered":"<p>Incluye: Inscripci\u00f3n a Belba y acceso a todos nuestros servicios. Tramitaci\u00f3n y gesti\u00f3n de documentaci\u00f3n en tr\u00e1fico. Clases presenciales ilimitadas. Disponibilidad de nuestros equipos t\u00e1ctiles para realizar test. Test online.\u00a0 \u00a0* 2 meses * Ayuda presencial personalizada para resolver tus dudas de los test de examen.<\/p>\n","protected":false},"featured_media":98,"template":"","meta":[],"product_brand":[],"product_cat":[20,23],"product_tag":[],"class_list":{"0":"post-99","1":"product","2":"type-product","3":"status-publish","4":"has-post-thumbnail","6":"product_cat-moto","7":"product_cat-permiso-de-moto-a2","9":"first","10":"instock","11":"shipping-taxable","12":"purchasable","13":"product-type-simple"},"_links":{"self":[{"href":"https:\/\/www.autoescolabelba.com\/tienda\/wp-json\/wp\/v2\/product\/99","targetHints":{"allow":["GET"]}}],"collection":[{"href":"https:\/\/www.autoescolabelba.com\/tienda\/wp-json\/wp\/v2\/product"}],"about":[{"href":"https:\/\/www.autoescolabelba.com\/tienda\/wp-json\/wp\/v2\/types\/product"}],"wp:featuredmedia":[{"embeddable":true,"href":"https:\/\/www.autoescolabelba.com\/tienda\/wp-json\/wp\/v2\/media\/98"}],"wp:attachment":[{"href":"https:\/\/www.autoescolabelba.com\/tienda\/wp-json\/wp\/v2\/media?parent=99"}],"wp:term":[{"taxonomy":"product_brand","embeddable":true,"href":"https:\/\/www.autoescolabelba.com\/tienda\/wp-json\/wp\/v2\/product_brand?post=99"},{"taxonomy":"product_cat","embeddable":true,"href":"https:\/\/www.autoescolabelba.com\/tienda\/wp-json\/wp\/v2\/product_cat?post=99"},{"taxonomy":"product_tag","embeddable":true,"href":"https:\/\/www.autoescolabelba.com\/tienda\/wp-json\/wp\/v2\/product_tag?post=99"}],"curies":[{"name":"wp","href":"https:\/\/api.w.org\/{rel}","templated":true}]}}