{"id":67,"date":"2020-05-20T16:23:28","date_gmt":"2020-05-20T16:23:28","guid":{"rendered":"https:\/\/www.autoescolabelba.com\/tienda\/?post_type=product&#038;p=67"},"modified":"2025-12-24T12:29:58","modified_gmt":"2025-12-24T12:29:58","slug":"permiso-a","status":"publish","type":"product","link":"https:\/\/www.autoescolabelba.com\/tienda\/producto\/permiso-a\/","title":{"rendered":"PERMISO A"},"content":{"rendered":"<p><strong>Incluye:<\/strong><\/p>\n<ul>\n<li>Tramitaci\u00f3n y gesti\u00f3n de documentaci\u00f3n en tr\u00e1fico.<\/li>\n<li>3 horas de teor\u00eda en aula.<\/li>\n<li>4 horas de maniobra en circuito cerrado (pista de pr\u00e1cticas).<\/li>\n<li>2 horas de circulaci\u00f3n por v\u00edas abiertas al tr\u00e1fico (carretera).<\/li>\n<li>Equipamiento adecuado en caso necesario.<\/li>\n<\/ul>\n","protected":false},"excerpt":{"rendered":"<p>Incluye: Tramitaci\u00f3n y gesti\u00f3n de documentaci\u00f3n en tr\u00e1fico. 3 horas de teor\u00eda en aula. 4 horas de maniobra en circuito cerrado (pista de pr\u00e1cticas). 2 horas de circulaci\u00f3n por v\u00edas abiertas al tr\u00e1fico (carretera). Equipamiento adecuado en caso necesario.<\/p>\n","protected":false},"featured_media":162,"template":"","meta":[],"product_brand":[],"product_cat":[20,22],"product_tag":[],"class_list":{"0":"post-67","1":"product","2":"type-product","3":"status-publish","4":"has-post-thumbnail","6":"product_cat-moto","7":"product_cat-permiso-de-moto-a","9":"first","10":"instock","11":"shipping-taxable","12":"purchasable","13":"product-type-simple"},"_links":{"self":[{"href":"https:\/\/www.autoescolabelba.com\/tienda\/wp-json\/wp\/v2\/product\/67","targetHints":{"allow":["GET"]}}],"collection":[{"href":"https:\/\/www.autoescolabelba.com\/tienda\/wp-json\/wp\/v2\/product"}],"about":[{"href":"https:\/\/www.autoescolabelba.com\/tienda\/wp-json\/wp\/v2\/types\/product"}],"wp:featuredmedia":[{"embeddable":true,"href":"https:\/\/www.autoescolabelba.com\/tienda\/wp-json\/wp\/v2\/media\/162"}],"wp:attachment":[{"href":"https:\/\/www.autoescolabelba.com\/tienda\/wp-json\/wp\/v2\/media?parent=67"}],"wp:term":[{"taxonomy":"product_brand","embeddable":true,"href":"https:\/\/www.autoescolabelba.com\/tienda\/wp-json\/wp\/v2\/product_brand?post=67"},{"taxonomy":"product_cat","embeddable":true,"href":"https:\/\/www.autoescolabelba.com\/tienda\/wp-json\/wp\/v2\/product_cat?post=67"},{"taxonomy":"product_tag","embeddable":true,"href":"https:\/\/www.autoescolabelba.com\/tienda\/wp-json\/wp\/v2\/product_tag?post=67"}],"curies":[{"name":"wp","href":"https:\/\/api.w.org\/{rel}","templated":true}]}}