{"id":65,"date":"2020-05-20T16:20:51","date_gmt":"2020-05-20T16:20:51","guid":{"rendered":"https:\/\/www.autoescolabelba.com\/tienda\/?post_type=product&#038;p=65"},"modified":"2024-03-11T09:26:34","modified_gmt":"2024-03-11T09:26:34","slug":"permiso-c","status":"publish","type":"product","link":"https:\/\/www.autoescolabelba.com\/tienda\/producto\/permiso-c\/","title":{"rendered":"MATRICULA B96"},"content":{"rendered":"<p><strong>Incluye:<\/strong><\/p>\n<ul>\n<li>Inscripci\u00f3n a Belba y acceso a todos nuestros servicios.<\/li>\n<li>Tramitaci\u00f3n y gesti\u00f3n de documentaci\u00f3n en tr\u00e1fico.<\/li>\n<\/ul>\n","protected":false},"excerpt":{"rendered":"<p>Incluye: Inscripci\u00f3n a Belba y acceso a todos nuestros servicios. Tramitaci\u00f3n y gesti\u00f3n de documentaci\u00f3n en tr\u00e1fico.<\/p>\n","protected":false},"featured_media":163,"template":"","meta":[],"product_brand":[],"product_cat":[27],"product_tag":[],"class_list":{"0":"post-65","1":"product","2":"type-product","3":"status-publish","4":"has-post-thumbnail","6":"product_cat-permiso-b96","8":"first","9":"instock","10":"shipping-taxable","11":"purchasable","12":"product-type-simple"},"_links":{"self":[{"href":"https:\/\/www.autoescolabelba.com\/tienda\/wp-json\/wp\/v2\/product\/65","targetHints":{"allow":["GET"]}}],"collection":[{"href":"https:\/\/www.autoescolabelba.com\/tienda\/wp-json\/wp\/v2\/product"}],"about":[{"href":"https:\/\/www.autoescolabelba.com\/tienda\/wp-json\/wp\/v2\/types\/product"}],"wp:featuredmedia":[{"embeddable":true,"href":"https:\/\/www.autoescolabelba.com\/tienda\/wp-json\/wp\/v2\/media\/163"}],"wp:attachment":[{"href":"https:\/\/www.autoescolabelba.com\/tienda\/wp-json\/wp\/v2\/media?parent=65"}],"wp:term":[{"taxonomy":"product_brand","embeddable":true,"href":"https:\/\/www.autoescolabelba.com\/tienda\/wp-json\/wp\/v2\/product_brand?post=65"},{"taxonomy":"product_cat","embeddable":true,"href":"https:\/\/www.autoescolabelba.com\/tienda\/wp-json\/wp\/v2\/product_cat?post=65"},{"taxonomy":"product_tag","embeddable":true,"href":"https:\/\/www.autoescolabelba.com\/tienda\/wp-json\/wp\/v2\/product_tag?post=65"}],"curies":[{"name":"wp","href":"https:\/\/api.w.org\/{rel}","templated":true}]}}