{"id":158,"date":"2020-06-16T18:35:01","date_gmt":"2020-06-16T18:35:01","guid":{"rendered":"https:\/\/www.autoescolabelba.com\/tienda\/?post_type=product&#038;p=158"},"modified":"2025-12-15T20:06:44","modified_gmt":"2025-12-15T20:06:44","slug":"teorico-be","status":"publish","type":"product","link":"https:\/\/www.autoescolabelba.com\/tienda\/producto\/teorico-be\/","title":{"rendered":"TE\u00d3RICO (B+E)"},"content":{"rendered":"<p><strong>Incluye:<\/strong><\/p>\n<ul>\n<li>Inscripci\u00f3n a Belba y acceso a todos nuestros servicios.<\/li>\n<li>Tramitaci\u00f3n y gesti\u00f3n de documentaci\u00f3n en tr\u00e1fico.<\/li>\n<li>Clases presenciales ilimitadas.<\/li>\n<li>Disponibilidad de nuestros equipos t\u00e1ctiles para realizar test.<\/li>\n<li>Ayuda presencial personalizada para resolver tus dudas de los test de examen.<\/li>\n<li>Test online.<\/li>\n<\/ul>\n","protected":false},"excerpt":{"rendered":"<p>Incluye: Inscripci\u00f3n a Belba y acceso a todos nuestros servicios. Tramitaci\u00f3n y gesti\u00f3n de documentaci\u00f3n en tr\u00e1fico. Clases presenciales ilimitadas. Disponibilidad de nuestros equipos t\u00e1ctiles para realizar test. Ayuda presencial personalizada para resolver tus dudas de los test de examen. Test online.<\/p>\n","protected":false},"featured_media":164,"template":"","meta":[],"product_brand":[],"product_cat":[26],"product_tag":[],"class_list":{"0":"post-158","1":"product","2":"type-product","3":"status-publish","4":"has-post-thumbnail","6":"product_cat-permiso-b-e","8":"first","9":"instock","10":"shipping-taxable","11":"purchasable","12":"product-type-simple"},"_links":{"self":[{"href":"https:\/\/www.autoescolabelba.com\/tienda\/wp-json\/wp\/v2\/product\/158","targetHints":{"allow":["GET"]}}],"collection":[{"href":"https:\/\/www.autoescolabelba.com\/tienda\/wp-json\/wp\/v2\/product"}],"about":[{"href":"https:\/\/www.autoescolabelba.com\/tienda\/wp-json\/wp\/v2\/types\/product"}],"wp:featuredmedia":[{"embeddable":true,"href":"https:\/\/www.autoescolabelba.com\/tienda\/wp-json\/wp\/v2\/media\/164"}],"wp:attachment":[{"href":"https:\/\/www.autoescolabelba.com\/tienda\/wp-json\/wp\/v2\/media?parent=158"}],"wp:term":[{"taxonomy":"product_brand","embeddable":true,"href":"https:\/\/www.autoescolabelba.com\/tienda\/wp-json\/wp\/v2\/product_brand?post=158"},{"taxonomy":"product_cat","embeddable":true,"href":"https:\/\/www.autoescolabelba.com\/tienda\/wp-json\/wp\/v2\/product_cat?post=158"},{"taxonomy":"product_tag","embeddable":true,"href":"https:\/\/www.autoescolabelba.com\/tienda\/wp-json\/wp\/v2\/product_tag?post=158"}],"curies":[{"name":"wp","href":"https:\/\/api.w.org\/{rel}","templated":true}]}}