{"id":144,"date":"2020-06-16T18:18:19","date_gmt":"2020-06-16T18:18:19","guid":{"rendered":"https:\/\/www.autoescolabelba.com\/tienda\/?post_type=product&#038;p=144"},"modified":"2024-03-11T09:07:41","modified_gmt":"2024-03-11T09:07:41","slug":"renovacion-a1","status":"publish","type":"product","link":"https:\/\/www.autoescolabelba.com\/tienda\/producto\/renovacion-a1\/","title":{"rendered":"RENOVACI\u00d3N"},"content":{"rendered":"<p>Tramitaci\u00f3n en tr\u00e1fico, a partir de tu segundo expediente.<\/p>\n","protected":false},"excerpt":{"rendered":"<p>Tramitaci\u00f3n en tr\u00e1fico, a partir de tu segundo expediente.<\/p>\n","protected":false},"featured_media":95,"template":"","meta":[],"product_brand":[],"product_cat":[20,24],"product_tag":[],"class_list":{"0":"post-144","1":"product","2":"type-product","3":"status-publish","4":"has-post-thumbnail","6":"product_cat-moto","7":"product_cat-permiso-de-moto-a1","9":"first","10":"instock","11":"shipping-taxable","12":"purchasable","13":"product-type-simple"},"_links":{"self":[{"href":"https:\/\/www.autoescolabelba.com\/tienda\/wp-json\/wp\/v2\/product\/144","targetHints":{"allow":["GET"]}}],"collection":[{"href":"https:\/\/www.autoescolabelba.com\/tienda\/wp-json\/wp\/v2\/product"}],"about":[{"href":"https:\/\/www.autoescolabelba.com\/tienda\/wp-json\/wp\/v2\/types\/product"}],"wp:featuredmedia":[{"embeddable":true,"href":"https:\/\/www.autoescolabelba.com\/tienda\/wp-json\/wp\/v2\/media\/95"}],"wp:attachment":[{"href":"https:\/\/www.autoescolabelba.com\/tienda\/wp-json\/wp\/v2\/media?parent=144"}],"wp:term":[{"taxonomy":"product_brand","embeddable":true,"href":"https:\/\/www.autoescolabelba.com\/tienda\/wp-json\/wp\/v2\/product_brand?post=144"},{"taxonomy":"product_cat","embeddable":true,"href":"https:\/\/www.autoescolabelba.com\/tienda\/wp-json\/wp\/v2\/product_cat?post=144"},{"taxonomy":"product_tag","embeddable":true,"href":"https:\/\/www.autoescolabelba.com\/tienda\/wp-json\/wp\/v2\/product_tag?post=144"}],"curies":[{"name":"wp","href":"https:\/\/api.w.org\/{rel}","templated":true}]}}