{"id":142,"date":"2020-06-16T18:17:12","date_gmt":"2020-06-16T18:17:12","guid":{"rendered":"https:\/\/www.autoescolabelba.com\/tienda\/?post_type=product&#038;p=142"},"modified":"2025-12-24T12:26:03","modified_gmt":"2025-12-24T12:26:03","slug":"1-clase-practica-de-examen-de-circulacion-a1","status":"publish","type":"product","link":"https:\/\/www.autoescolabelba.com\/tienda\/producto\/1-clase-practica-de-examen-de-circulacion-a1\/","title":{"rendered":"1 CLASE PR\u00c1CTICA DE EXAMEN DE CIRCULACI\u00d3N (A1)"},"content":{"rendered":"<p>Clase examen pr\u00e1ctico. \u00a1EL MISMO QUE UNA CLASE NORMAL!<\/p>\n","protected":false},"excerpt":{"rendered":"<p>Clase examen pr\u00e1ctico. \u00a1EL MISMO QUE UNA CLASE NORMAL!<\/p>\n","protected":false},"featured_media":95,"template":"","meta":[],"product_brand":[],"product_cat":[20,24],"product_tag":[],"class_list":{"0":"post-142","1":"product","2":"type-product","3":"status-publish","4":"has-post-thumbnail","6":"product_cat-moto","7":"product_cat-permiso-de-moto-a1","9":"first","10":"instock","11":"shipping-taxable","12":"purchasable","13":"product-type-simple"},"_links":{"self":[{"href":"https:\/\/www.autoescolabelba.com\/tienda\/wp-json\/wp\/v2\/product\/142","targetHints":{"allow":["GET"]}}],"collection":[{"href":"https:\/\/www.autoescolabelba.com\/tienda\/wp-json\/wp\/v2\/product"}],"about":[{"href":"https:\/\/www.autoescolabelba.com\/tienda\/wp-json\/wp\/v2\/types\/product"}],"wp:featuredmedia":[{"embeddable":true,"href":"https:\/\/www.autoescolabelba.com\/tienda\/wp-json\/wp\/v2\/media\/95"}],"wp:attachment":[{"href":"https:\/\/www.autoescolabelba.com\/tienda\/wp-json\/wp\/v2\/media?parent=142"}],"wp:term":[{"taxonomy":"product_brand","embeddable":true,"href":"https:\/\/www.autoescolabelba.com\/tienda\/wp-json\/wp\/v2\/product_brand?post=142"},{"taxonomy":"product_cat","embeddable":true,"href":"https:\/\/www.autoescolabelba.com\/tienda\/wp-json\/wp\/v2\/product_cat?post=142"},{"taxonomy":"product_tag","embeddable":true,"href":"https:\/\/www.autoescolabelba.com\/tienda\/wp-json\/wp\/v2\/product_tag?post=142"}],"curies":[{"name":"wp","href":"https:\/\/api.w.org\/{rel}","templated":true}]}}