{"id":138,"date":"2020-06-16T18:10:10","date_gmt":"2020-06-16T18:10:10","guid":{"rendered":"https:\/\/www.autoescolabelba.com\/tienda\/?post_type=product&#038;p=138"},"modified":"2024-03-11T09:10:07","modified_gmt":"2024-03-11T09:10:07","slug":"renovacion-a2","status":"publish","type":"product","link":"https:\/\/www.autoescolabelba.com\/tienda\/producto\/renovacion-a2\/","title":{"rendered":"RENOVACI\u00d3N"},"content":{"rendered":"<p>Tramitaci\u00f3n en tr\u00e1fico, a partir de tu segundo expediente.<\/p>\n","protected":false},"excerpt":{"rendered":"<p>Tramitaci\u00f3n en tr\u00e1fico, a partir de tu segundo expediente.<\/p>\n","protected":false},"featured_media":98,"template":"","meta":[],"product_brand":[],"product_cat":[20,23],"product_tag":[],"class_list":{"0":"post-138","1":"product","2":"type-product","3":"status-publish","4":"has-post-thumbnail","6":"product_cat-moto","7":"product_cat-permiso-de-moto-a2","9":"first","10":"instock","11":"shipping-taxable","12":"purchasable","13":"product-type-simple"},"_links":{"self":[{"href":"https:\/\/www.autoescolabelba.com\/tienda\/wp-json\/wp\/v2\/product\/138","targetHints":{"allow":["GET"]}}],"collection":[{"href":"https:\/\/www.autoescolabelba.com\/tienda\/wp-json\/wp\/v2\/product"}],"about":[{"href":"https:\/\/www.autoescolabelba.com\/tienda\/wp-json\/wp\/v2\/types\/product"}],"wp:featuredmedia":[{"embeddable":true,"href":"https:\/\/www.autoescolabelba.com\/tienda\/wp-json\/wp\/v2\/media\/98"}],"wp:attachment":[{"href":"https:\/\/www.autoescolabelba.com\/tienda\/wp-json\/wp\/v2\/media?parent=138"}],"wp:term":[{"taxonomy":"product_brand","embeddable":true,"href":"https:\/\/www.autoescolabelba.com\/tienda\/wp-json\/wp\/v2\/product_brand?post=138"},{"taxonomy":"product_cat","embeddable":true,"href":"https:\/\/www.autoescolabelba.com\/tienda\/wp-json\/wp\/v2\/product_cat?post=138"},{"taxonomy":"product_tag","embeddable":true,"href":"https:\/\/www.autoescolabelba.com\/tienda\/wp-json\/wp\/v2\/product_tag?post=138"}],"curies":[{"name":"wp","href":"https:\/\/api.w.org\/{rel}","templated":true}]}}