{"id":136,"date":"2020-06-16T18:09:06","date_gmt":"2020-06-16T18:09:06","guid":{"rendered":"https:\/\/www.autoescolabelba.com\/tienda\/?post_type=product&#038;p=136"},"modified":"2025-12-24T12:26:37","modified_gmt":"2025-12-24T12:26:37","slug":"1-clase-practica-de-examen-de-circulacion-a2","status":"publish","type":"product","link":"https:\/\/www.autoescolabelba.com\/tienda\/producto\/1-clase-practica-de-examen-de-circulacion-a2\/","title":{"rendered":"1 CLASE PR\u00c1CTICA DE EXAMEN DE CIRCULACI\u00d3N (A2)"},"content":{"rendered":"<p>Clase examen pr\u00e1ctico. \u00a1EL MISMO QUE UNA CLASE NORMAL!<\/p>\n","protected":false},"excerpt":{"rendered":"<p>Clase examen pr\u00e1ctico. \u00a1EL MISMO QUE UNA CLASE NORMAL!<\/p>\n","protected":false},"featured_media":98,"template":"","meta":[],"product_brand":[],"product_cat":[20,23],"product_tag":[],"class_list":{"0":"post-136","1":"product","2":"type-product","3":"status-publish","4":"has-post-thumbnail","6":"product_cat-moto","7":"product_cat-permiso-de-moto-a2","9":"first","10":"instock","11":"shipping-taxable","12":"purchasable","13":"product-type-simple"},"_links":{"self":[{"href":"https:\/\/www.autoescolabelba.com\/tienda\/wp-json\/wp\/v2\/product\/136","targetHints":{"allow":["GET"]}}],"collection":[{"href":"https:\/\/www.autoescolabelba.com\/tienda\/wp-json\/wp\/v2\/product"}],"about":[{"href":"https:\/\/www.autoescolabelba.com\/tienda\/wp-json\/wp\/v2\/types\/product"}],"wp:featuredmedia":[{"embeddable":true,"href":"https:\/\/www.autoescolabelba.com\/tienda\/wp-json\/wp\/v2\/media\/98"}],"wp:attachment":[{"href":"https:\/\/www.autoescolabelba.com\/tienda\/wp-json\/wp\/v2\/media?parent=136"}],"wp:term":[{"taxonomy":"product_brand","embeddable":true,"href":"https:\/\/www.autoescolabelba.com\/tienda\/wp-json\/wp\/v2\/product_brand?post=136"},{"taxonomy":"product_cat","embeddable":true,"href":"https:\/\/www.autoescolabelba.com\/tienda\/wp-json\/wp\/v2\/product_cat?post=136"},{"taxonomy":"product_tag","embeddable":true,"href":"https:\/\/www.autoescolabelba.com\/tienda\/wp-json\/wp\/v2\/product_tag?post=136"}],"curies":[{"name":"wp","href":"https:\/\/api.w.org\/{rel}","templated":true}]}}