{"id":103,"date":"2020-06-06T08:05:13","date_gmt":"2020-06-06T08:05:13","guid":{"rendered":"https:\/\/www.autoescolabelba.com\/tienda\/?post_type=product&#038;p=103"},"modified":"2025-12-24T12:27:10","modified_gmt":"2025-12-24T12:27:10","slug":"teorico-a1","status":"publish","type":"product","link":"https:\/\/www.autoescolabelba.com\/tienda\/producto\/teorico-a1\/","title":{"rendered":"TE\u00d3RICO A1"},"content":{"rendered":"<p><strong>Incluye:<\/strong><\/p>\n<ul>\n<li>Inscripci\u00f3n a Belba y acceso a todos nuestros servicios.<\/li>\n<li>Tramitaci\u00f3n y gesti\u00f3n de documentaci\u00f3n en tr\u00e1fico.<\/li>\n<li>Clases presenciales ilimitadas de te\u00f3rico com\u00fan.<\/li>\n<li>Clases presenciales ilimitadas de te\u00f3rico espec\u00edfico de motocicleta.<\/li>\n<li>Disponibilidad de nuestros equipos t\u00e1ctiles para realizar test.<\/li>\n<li>Ayuda presencial personalizada para resolver tus dudas de los test de examen.<\/li>\n<li>Acceso durante 3 meses a nuestra plataforma, que incluye:\n<ul>\n<li>Test online.<\/li>\n<li>Bater\u00eda de TODAS LAS PREGUNTAS DE EXAMEN.<\/li>\n<li>V\u00eddeos did\u00e1cticos de las preguntas conflictivas de examen.<\/li>\n<li>Seguimiento de tus progresos y evoluci\u00f3n de aprendizaje.<\/li>\n<\/ul>\n<\/li>\n<\/ul>\n<p>No incluye:<\/p>\n<ul>\n<li>Tasas de tr\u00e1fico.<\/li>\n<li>Reconocimiento m\u00e9dico.<\/li>\n<\/ul>\n<p>&nbsp;<\/p>\n","protected":false},"excerpt":{"rendered":"<p>Incluye: Inscripci\u00f3n a Belba y acceso a todos nuestros servicios. Tramitaci\u00f3n y gesti\u00f3n de documentaci\u00f3n en tr\u00e1fico. Clases presenciales ilimitadas de te\u00f3rico com\u00fan. Clases presenciales ilimitadas de te\u00f3rico espec\u00edfico de motocicleta. Disponibilidad de nuestros equipos t\u00e1ctiles para realizar test. Ayuda presencial personalizada para resolver tus dudas de los test de examen. Acceso durante 3 meses [&hellip;]<\/p>\n","protected":false},"featured_media":95,"template":"","meta":[],"product_brand":[],"product_cat":[20,24],"product_tag":[],"class_list":{"0":"post-103","1":"product","2":"type-product","3":"status-publish","4":"has-post-thumbnail","6":"product_cat-moto","7":"product_cat-permiso-de-moto-a1","9":"first","10":"instock","11":"shipping-taxable","12":"purchasable","13":"product-type-simple"},"_links":{"self":[{"href":"https:\/\/www.autoescolabelba.com\/tienda\/wp-json\/wp\/v2\/product\/103","targetHints":{"allow":["GET"]}}],"collection":[{"href":"https:\/\/www.autoescolabelba.com\/tienda\/wp-json\/wp\/v2\/product"}],"about":[{"href":"https:\/\/www.autoescolabelba.com\/tienda\/wp-json\/wp\/v2\/types\/product"}],"wp:featuredmedia":[{"embeddable":true,"href":"https:\/\/www.autoescolabelba.com\/tienda\/wp-json\/wp\/v2\/media\/95"}],"wp:attachment":[{"href":"https:\/\/www.autoescolabelba.com\/tienda\/wp-json\/wp\/v2\/media?parent=103"}],"wp:term":[{"taxonomy":"product_brand","embeddable":true,"href":"https:\/\/www.autoescolabelba.com\/tienda\/wp-json\/wp\/v2\/product_brand?post=103"},{"taxonomy":"product_cat","embeddable":true,"href":"https:\/\/www.autoescolabelba.com\/tienda\/wp-json\/wp\/v2\/product_cat?post=103"},{"taxonomy":"product_tag","embeddable":true,"href":"https:\/\/www.autoescolabelba.com\/tienda\/wp-json\/wp\/v2\/product_tag?post=103"}],"curies":[{"name":"wp","href":"https:\/\/api.w.org\/{rel}","templated":true}]}}