{"id":79,"date":"2020-06-14T09:32:06","date_gmt":"2020-06-14T09:32:06","guid":{"rendered":"https:\/\/www.autoescolabelba.com\/tienda\/?page_id=79"},"modified":"2025-10-01T08:32:00","modified_gmt":"2025-10-01T08:32:00","slug":"condiciones-de-compra","status":"publish","type":"page","link":"https:\/\/www.autoescolabelba.com\/tienda\/condiciones-de-compra\/","title":{"rendered":"Condiciones generales de contrataci\u00f3n"},"content":{"rendered":"\n<p><strong>1<\/strong><strong>.<\/strong><strong>&nbsp; &nbsp;<\/strong><strong>IN<\/strong><strong>FORMACI\u00d3N<\/strong><strong> <\/strong><strong>G<\/strong><strong>ENERAL<\/strong><\/p>\n\n\n\n<p>La titularidad de este sitio web, www.autoescolabelba.com (en adelante Sitio Web) la ostenta: AUTOESCOLA BELBA SL (en adelante, AUTOESCOLA BELBA), cuyos datos de contacto son: Avda. P\u00e9rez Gald\u00f3s, otr 5, 12002 Castell\u00f3 de la Plana (Castell\u00f3n); info@autoescolabelba.com<\/p>\n\n\n\n<p>Este documento (as\u00ed como otros documentos que aqu\u00ed se mencionen) regula las condiciones por las que se rige el uso de este Sitio Web (www.autoescolabelba.com) y la compra o adquisici\u00f3n de productos y\/o servicios en el mismo (en adelante, Condiciones).<\/p>\n\n\n\n<p>A efectos de estas Condiciones se entiende que la actividad que AUTOESCOLA BELBA desarrolla a trav\u00e9s del Sitio Web comprende: AUTOESCUELA.<\/p>\n\n\n\n<p>Adem\u00e1s de leer las presentes Condiciones, antes de acceder, navegar y\/o usar esta p\u00e1gina web, el Usuario ha de haber le\u00eddo el Aviso Legal y las Condiciones Generales de Uso, incluyendo, la pol\u00edtica de cookies, y la pol\u00edtica de privacidad y de protecci\u00f3n de datos de AUTOESCOLA BELBA.<\/p>\n\n\n\n<p>Al utilizar este Sitio Web o al hacer y\/o solicitar la adquisici\u00f3n de un producto y\/o servicio a trav\u00e9s del mismo el Usuario consiente quedar vinculado por estas Condiciones y por todo lo anteriormente mencionado, por lo que si no est\u00e1 de acuerdo con todo ello, no debe usar este Sitio Web.<\/p>\n\n\n\n<p>Asimismo, se informa que estas Condiciones podr\u00edan ser modificadas. El Usuario es responsable de consultarlas cada vez que acceda, navegue y\/o use el Sitio Web ya que ser\u00e1n aplicables aquellas que se encuentren vigentes en el momento en que se solicite la adquisici\u00f3n de productos y\/o servicios.<\/p>\n\n\n\n<p>Para todas las preguntas que el Usuario pueda tener en relaci\u00f3n con las Condiciones puede ponerse en contacto con el titular utilizando los datos de contacto facilitados m\u00e1s arriba o, en su caso, utilizando el formulario de contacto.<\/p>\n\n\n\n<p><strong>2<\/strong><strong>.<\/strong><strong>&nbsp; &nbsp;<\/strong><strong>EL<\/strong><strong> <\/strong><strong>USUARIO<\/strong><\/p>\n\n\n\n<p>El acceso, la navegaci\u00f3n y uso del Sitio Web, confiere la condici\u00f3n de usuario (en adelante referido, indistintamente, individualmente como Usuario o conjuntamente como Usuarios), por lo que se aceptan, desde que se inicia la navegaci\u00f3n por el Sitio Web, todas las Condiciones aqu\u00ed establecidas, as\u00ed como sus ulteriores modificaciones, sin perjuicio de la aplicaci\u00f3n de la correspondiente normativa legal de obligado cumplimiento seg\u00fan el caso.<\/p>\n\n\n\n<p>El Usuario asume su responsabilidad de un uso correcto del Sitio Web. Esta responsabilidad se extender\u00e1 a:<\/p>\n\n\n\n<p>\u25cf&nbsp;&nbsp;&nbsp;&nbsp; Hacer uso de este Sitio Web \u00fanicamente para realizar consultas y compras o adquisiciones legalmente v\u00e1lidas.<\/p>\n\n\n\n<p>\u25cf&nbsp;&nbsp;&nbsp;&nbsp; No realizar ninguna compra falsa o fraudulenta. Si razonablemente se pudiera considerar que se ha hecho una compra de esta \u00edndole, podr\u00eda ser anulada y se informar\u00eda a las autoridades pertinentes.<\/p>\n\n\n\n<p>\u25cf&nbsp;&nbsp;&nbsp;&nbsp; Facilitar datos de contacto veraces y l\u00edcitos, por ejemplo, direcci\u00f3n de correo electr\u00f3nico, direcci\u00f3n postal y\/u otros datos (ver Aviso Legal y Condiciones Generales de Uso).<\/p>\n\n\n\n<p>El Usuario declara ser mayor de 18 a\u00f1os y tener capacidad legal para celebrar contratos a trav\u00e9s de este Sitio Web.<\/p>\n\n\n\n<p>El Sitio Web est\u00e1 dirigido principalmente a Usuarios residentes en Espa\u00f1a. AUTOESCOLA BELBA no asegura que el Sitio Web cumpla con legislaciones de otros pa\u00edses, ya sea total o parcialmente. AUTOESCOLA BELBA declina toda responsabilidad que se pueda derivar de dicho acceso, as\u00ed como tampoco asegura env\u00edos o prestaci\u00f3n de servicios fuera de Espa\u00f1a.<\/p>\n\n\n\n<p><strong>3<\/strong><strong>.<\/strong><strong>&nbsp; &nbsp;<\/strong><strong>PROCESO<\/strong><strong> <\/strong><strong>DE<\/strong><strong> <\/strong><strong>C<\/strong><strong>OMPRA<\/strong><strong> <\/strong><strong>O<\/strong><strong> <\/strong><strong>A<\/strong><strong>DQUISICI\u00d3N<\/strong><\/p>\n\n\n\n<p>Los Usuarios debidamente registrados pueden comprar en el Sitio Web por los medios y formas establecidos. Deber\u00e1n seguir el procedimiento de compra y\/o adquisici\u00f3n online de AUTOESCOLA BELBA, durante el cual varios productos y\/o servicios pueden ser seleccionados y a\u00f1adidos al carrito, cesta o espacio final de compra y, finalmente, hacer clic en el bot\u00f3n FINALIZAR COMPRA.<\/p>\n\n\n\n<p>Asimismo, el Usuario deber\u00e1 rellenar y\/o comprobar la informaci\u00f3n que en cada paso se le solicita, aunque, durante el proceso de compra, antes de realizar el pago, se pueden modificar los datos de la compra.<\/p>\n\n\n\n<p>Seguidamente, el Usuario recibir\u00e1 un correo electr\u00f3nico confirmando que AUTOESCOLA BELBA ha recibido su pedido o solicitud de compra y\/o prestaci\u00f3n del servicio, es decir, la confirmaci\u00f3n del pedido. Y, en su caso, se le informar\u00e1, igualmente, mediante correo electr\u00f3nico cuando su compra haya sido confirmada. En su caso, estas informaciones tambi\u00e9n podr\u00edan ponerse a disposici\u00f3n del Usuario a trav\u00e9s de su espacio personal de conexi\u00f3n al Sitio Web.<\/p>\n\n\n\n<p>Una vez el procedimiento de compra ha concluido, el Usuario consiente que AUTOESCOLA BELBA use los datos de contacto del usuario para generar la correspondiente factura.<\/p>\n\n\n\n<p>El Usuario reconoce estar al corriente, en el momento de la compra, de ciertas condiciones particulares de venta que conciernen al producto y\/o servicio en cuesti\u00f3n y que se muestran junto a la presentaci\u00f3n o, en su caso, imagen de \u00e9ste en su p\u00e1gina del Sitio Web, indicando, a modo enunciativo, pero no exhaustivo, y atendiendo a cada caso: nombre, precio, detalles de los productos, o caracter\u00edsticas, modo en el que se llevar\u00e1n a cabo y\/o coste de las prestaciones; y reconoce que la realizaci\u00f3n del pedido de compra o adquisici\u00f3n materializa la aceptaci\u00f3n plena y completa de las condiciones particulares de venta aplicables a cada caso.<\/p>\n\n\n\n<p>Las comunicaciones, \u00f3rdenes de compra y pagos que intervengan durante las transacciones efectuadas en el Sitio Web podr\u00edan ser archivadas y conservadas en los registros informatizados de AUTOESCOLA BELBA&nbsp;con&nbsp;el&nbsp;fin&nbsp;de&nbsp;constituir&nbsp;un&nbsp;medio&nbsp;de&nbsp;prueba&nbsp;de&nbsp;las&nbsp;transacciones,&nbsp;en&nbsp;todo&nbsp;caso, respetando las condiciones razonables de seguridad y las leyes y normativas vigentes que a este respecto sean de aplicaci\u00f3n, y particularmente atendiendo a la LOPD y a los derechos que asisten a los Usuarios conforme a la pol\u00edtica de privacidad de este Sitio Web (Aviso Legal y Condiciones Generales de Uso).<\/p>\n\n\n\n<p><strong>4<\/strong><strong>.<\/strong><strong> <\/strong><strong>PRECIOS<\/strong><strong> <\/strong><strong>Y<\/strong><strong> <\/strong><strong>PAGO<\/strong><\/p>\n\n\n\n<p>Los precios exhibidos en el Sitio Web son los finales, en Euros (\u20ac) e incluyen los impuestos, salvo que por exigencia legal, especialmente en lo relativo al IVA, se se\u00f1ale y aplique cuesti\u00f3n distinta.<\/p>\n\n\n\n<p>En ning\u00fan caso el Sitio Web a\u00f1adir\u00e1 costes adicionales al precio de un producto o de un servicio de forma autom\u00e1tica, sino solo aquellos que el Usuario haya seleccionado y elegido voluntaria y libremente.<\/p>\n\n\n\n<p>Los precios pueden cambiar en cualquier momento, pero los posibles cambios no afectar\u00e1n a los pedidos o compras con respecto a los que el Usuario ya haya recibido una confirmaci\u00f3n de pedido.<\/p>\n\n\n\n<p>Los medios de pago aceptados ser\u00e1n: Tarjeta de cr\u00e9dito o d\u00e9bito.<\/p>\n\n\n\n<p>Las tarjetas de cr\u00e9dito estar\u00e1n sujetas a comprobaciones y autorizaciones por parte de la entidad bancaria emisora de las mismas, si dicha entidad no autorizase el pago, AUTOESCOLA BELBA no ser\u00e1 responsable por ning\u00fan retraso o falta de entrega y no podr\u00e1 formalizar ning\u00fan contrato con el Usuario.<\/p>\n\n\n\n<p>En todo caso, al hacer clic en PAGAR PEDIDO el Usuario confirma que el m\u00e9todo de pago utilizado es suyo o que, en su caso, es el leg\u00edtimo poseedor de la tarjeta regalo o de la tarjeta abono.<\/p>\n\n\n\n<p><strong>5<\/strong><strong>.<\/strong><strong>&nbsp; &nbsp;<\/strong><strong>ENTREGA<\/strong><\/p>\n\n\n\n<p>Para que el usuario pueda disfrutar del servicio contratado, previamente deber\u00e1 entregar la documentaci\u00f3n que le requerir\u00e1 AUTOESCOLA BELBA.<\/p>\n\n\n\n<p><strong>6.<\/strong><strong>&nbsp; &nbsp;<\/strong><strong>M<\/strong><strong>EDIOS<\/strong><strong> <\/strong><strong>T<\/strong><strong>\u00c9CNICOS<\/strong><strong> <\/strong><strong>P<\/strong><strong>ARA<\/strong><strong> <\/strong><strong>C<\/strong><strong>ORREGIR<\/strong><strong> <\/strong><strong>E<\/strong><strong>RRORES<\/strong><\/p>\n\n\n\n<p>Se pone en conocimiento del Usuario que en caso de que detecte que se ha producido un error al introducir datos necesarios para procesar su solicitud de compra en el Sitio Web, podr\u00e1 modificar los mismos poni\u00e9ndose en contacto con AUTOESCOLA BELBA a trav\u00e9s de los espacios de contacto habilitados en el Sitio Web, y, en su caso, a trav\u00e9s de aquellos habilitados para contactar con el servicio de atenci\u00f3n al cliente, y\/o utilizando los datos de contacto facilitados en la cl\u00e1usula primera (Informaci\u00f3n general).<\/p>\n\n\n\n<p>En cualquier caso, el Usuario, antes de hacer clic en FINALIZAR COMPRA, tiene acceso al espacio, carrito, o cesta donde se van anotando sus solicitudes de compra y puede hacer modificaciones.<\/p>\n\n\n\n<p>De igual forma, se remite al Usuario a consultar el Aviso Legal y Condiciones Generales de Uso para recabar m\u00e1s informaci\u00f3n sobre c\u00f3mo ejercer su derecho de rectificaci\u00f3n seg\u00fan lo establecido en la Ley Org\u00e1nica 3\/2018, de 5 de diciembre, de Protecci\u00f3n de Datos de Car\u00e1cter Personal y Garant\u00eda de los Derechos Digitales.<\/p>\n\n\n\n<p><strong>7.<\/strong><strong>&nbsp; &nbsp;<\/strong><strong>DESISTIMIENTO.-<\/strong><\/p>\n\n\n\n<p>Tiene usted derecho a desistir del presente contrato en un plazo de 14 d\u00edas naturales sin necesidad de justificaci\u00f3n.<\/p>\n\n\n\n<p>El plazo de desistimiento expirar\u00e1 a los 14 d\u00edas naturales del d\u00eda de la celebraci\u00f3n del contrato.<\/p>\n\n\n\n<p>Podr\u00e1 utilizar <a href=\"https:\/\/www.autoescolabelba.com\/tienda\/wp-content\/uploads\/2025\/10\/Formulario-de-desistimiento.pdf\" target=\"_blank\" rel=\"noreferrer noopener\">este modelo de formulario de desistimiento<\/a> , aunque su uso no es obligatorio. Tiene usted asimismo la opci\u00f3n de cumplimentar y enviar electr\u00f3nicamente el modelo de formulario de desistimiento o cualquier otra declaraci\u00f3n inequ\u00edvoca a trav\u00e9s de nuestra p\u00e1gina web http:\/\/www.autoescolabelba.com. Si recurre a esa opci\u00f3n, le comunicaremos sin demora en un soporte duradero (por ejemplo, por correo electr\u00f3nico) la recepci\u00f3n de dicho desistimiento.<\/p>\n\n\n\n<p>Para cumplir el plazo de desistimiento, basta con que la comunicaci\u00f3n relativa al ejercicio por su parte de este derecho sea enviada antes de que venza el plazo correspondiente.<\/p>\n\n\n\n<p>ATENCI\u00d3N: El derecho de desistimiento no ser\u00e1 aplicable a los contratos que se refieran a la prestaci\u00f3n de servicios, una vez que el servicio haya sido completamente ejecutado.<\/p>\n\n\n\n<p>Si usted ha solicitado que la prestaci\u00f3n de servicios d\u00e9 comienzo durante el per\u00edodo de desistimiento, nos abonar\u00e1 un importe proporcional a la parte ya prestada del servicio en el momento en que nos haya comunicado su desistimiento, en relaci\u00f3n con el objeto total del contrato.<\/p>\n\n\n\n<p>Consecuencias del desistimiento:<\/p>\n\n\n\n<p>En caso de desistimiento por su parte, le devolveremos el pago recibido, sin ninguna demora indebida y, en todo caso, a m\u00e1s tardar 14 d\u00edas naturales a partir de la fecha en la que se nos informe de su decisi\u00f3n de desistir del presente contrato. Procederemos a efectuar dicho reembolso utilizando el mismo medio de pago empleado por usted para la transacci\u00f3n inicial, a no ser que haya usted dispuesto expresamente lo contrario; en todo caso, no incurrir\u00e1 en ning\u00fan gasto como consecuencia del reembolso.<\/p>\n\n\n\n<p><strong>8.<\/strong><strong>&nbsp; &nbsp;<\/strong><strong>EXONERACI\u00d3N<\/strong><strong> <\/strong><strong>DE<\/strong><strong> <\/strong><strong>RESPONSABILIDAD<\/strong><\/p>\n\n\n\n<p>AUTOESCOLA BELBA tambi\u00e9n limita su responsabilidad en cuanto a los siguientes casos:<\/p>\n\n\n\n<p>\u25cf&nbsp;&nbsp;&nbsp;&nbsp; AUTOESCOLA BELBA aplica todas las medidas concernientes a proporcionar una visualizaci\u00f3n fiel del producto en el Sitio Web, sin embargo no se responsabiliza por las m\u00ednimas diferencias o inexactitudes que puedan existir debido a falta de resoluci\u00f3n de la pantalla, o problemas del navegador que se utilice u otros de esta \u00edndole.<\/p>\n\n\n\n<p>\u25cf&nbsp;&nbsp;&nbsp;&nbsp; AUTOESCOLA BELBA actuar\u00e1 con la m\u00e1xima diligencia a efectos de poner a disposici\u00f3n de la empresa encargada del transporte del producto objeto del pedido de compra. Sin embargo, no se responsabiliza por perjuicios provenientes de un mal funcionamiento del transporte especialmente por causas como huelgas, retenciones en carreteras, y en general cualquiera otras propias del sector, que deriven en retrasos, p\u00e9rdidas o hurtos del producto.<\/p>\n\n\n\n<p>\u25cf&nbsp;&nbsp;&nbsp;&nbsp; Fallos t\u00e9cnicos que por causas fortuitas o de otra \u00edndole, impidan un normal funcionamiento del servicio a trav\u00e9s de internet. Falta de disponibilidad del Sitio Web por razones de mantenimiento u otras, que impida disponer del servicio. AUTOESCOLA BELBA pone todos los medios a su alcance a efectos de llevar a cabo el proceso de compra, pago y env\u00edo\/entrega de los productos, no obstante se exime de responsabilidad por causas que no le sean imputables, caso fortuito o fuerza mayor.<\/p>\n\n\n\n<p>\u25cf&nbsp;&nbsp;&nbsp; AUTOESCOLA BELBA no se har\u00e1 responsable del mal uso y\/o del desgaste de los productos que hayan sido utilizados por el Usuario. Al mismo tiempo, AUTOESCOLA BELBA tampoco se har\u00e1 responsable de una devoluci\u00f3n err\u00f3nea realizada por el Usuario. Es responsabilidad del Usuario devolver el producto correcto.<\/p>\n\n\n\n<p>\u25cf&nbsp;&nbsp;&nbsp;&nbsp; En general, AUTOESCOLA BELBA no se responsabilizar\u00e1 por ning\u00fan incumplimiento o retraso en el cumplimiento de alguna de las obligaciones asumidas, cuando el mismo se deba a acontecimientos que est\u00e1n fuera de nuestro control razonable, es decir, que se deban a causa de fuerza mayor, y \u00e9sta podr\u00e1 incluir, a modo enunciativo pero no exhaustivo:<\/p>\n\n\n\n<ul class=\"wp-block-list\">\n<li>Huelgas,&nbsp;cierres&nbsp;patronales&nbsp;u&nbsp;otras&nbsp;medidas&nbsp;reivindicativas.<\/li>\n<\/ul>\n\n\n\n<ul class=\"wp-block-list\">\n<li>Incendio, explosi\u00f3n, tormenta, inundaci\u00f3n, terremoto, hundimiento, epidemia o cualquier otro desastre natural.<\/li>\n<\/ul>\n\n\n\n<ul class=\"wp-block-list\">\n<li>Imposibilidad de uso de trenes, barcos, aviones, transportes de motor u otros medios de transporte, p\u00fablicos o privados.<\/li>\n<\/ul>\n\n\n\n<ul class=\"wp-block-list\">\n<li>Imposibilidad de utilizar sistemas p\u00fablicos o privados de telecomunicaciones.<\/li>\n<\/ul>\n\n\n\n<ul class=\"wp-block-list\">\n<li>Actos,&nbsp;decretos,&nbsp;legislaci\u00f3n,&nbsp;normativa&nbsp;o&nbsp;restricciones&nbsp;de&nbsp;cualquier&nbsp;gobierno&nbsp;o autoridad&nbsp;p\u00fablica.<\/li>\n<\/ul>\n\n\n\n<p>De esta forma, las obligaciones quedar\u00e1n suspendidas durante el periodo en que la causa de fuerza mayor contin\u00fae, y AUTOESCOLA BELBA dispondr\u00e1 de una ampliaci\u00f3n en el plazo para cumplirlas por un periodo de tiempo igual al que dure la causa de fuerza mayor.<\/p>\n\n\n\n<p>AUTOESCOLA BELBA pondr\u00e1 todos los medios razonables para encontrar una soluci\u00f3n que nos permita cumplir nuestras obligaciones a pesar de la causa de fuerza mayor.<\/p>\n\n\n\n<p><strong>9<\/strong><strong>.<\/strong><strong> <\/strong><strong>C<\/strong><strong>OMUNICACIONES<\/strong><strong> <\/strong><strong>POR<\/strong><strong> <\/strong><strong>ESCRITO<\/strong><strong> <\/strong><strong>Y<\/strong><strong> <\/strong><strong>N<\/strong><strong>OTIFICACIONES<\/strong><\/p>\n\n\n\n<p>Mediante el uso de este Sitio Web, el Usuario acepta que la mayor parte de las comunicaciones con<\/p>\n\n\n\n<p>AUTOESCOLA BELBA sean electr\u00f3nicas (correo electr\u00f3nico o avisos publicados en el Sitio Web).<\/p>\n\n\n\n<p>A efectos contractuales, el Usuario consiente en usar este medio electr\u00f3nico de comunicaci\u00f3n y reconoce que todo contrato, notificaci\u00f3n, informaci\u00f3n y dem\u00e1s comunicaciones que AUTOESCOLA BELBA env\u00ede de forma electr\u00f3nica cumplen con los requisitos legales de ser por escrito. Esta condici\u00f3n no afectar\u00e1 a los derechos reconocidos por ley al Usuario.<\/p>\n\n\n\n<p>El Usuario puede enviar notificaciones y\/o comunicarse con AUTOESCOLA BELBA a trav\u00e9s de los datos de contacto que en estas Condiciones se facilitan y, en su caso, a trav\u00e9s de los espacios de contacto del Sitio Web.<\/p>\n\n\n\n<p>Igualmente, salvo que se estipule lo contrario, AUTOESCOLA BELBA puede contactar y\/o notificar al Usuario en su correo electr\u00f3nico o en la direcci\u00f3n postal facilitada.<\/p>\n\n\n\n<p><strong>10<\/strong><strong>.<\/strong><strong> <\/strong><strong>N<\/strong><strong>ULIDAD<\/strong><\/p>\n\n\n\n<p>Si alguna de las presentes Condiciones fuesen declaradas nulas y sin efecto por resoluci\u00f3n firme dictada por autoridad competente, el resto de las cl\u00e1usulas permanecer\u00e1n en vigor, sin que queden afectadas por dicha declaraci\u00f3n de nulidad.<\/p>\n\n\n\n<p><strong>11<\/strong><strong>.<\/strong><strong> <\/strong><strong>ACUERDO<\/strong><strong> <\/strong><strong>C<\/strong><strong>OMPLETO<\/strong><\/p>\n\n\n\n<p>Las presentes Condiciones y todo documento al que se haga referencia expresa en estas constituyen el acuerdo \u00edntegro existente entre el Usuario y AUTOESCOLA BELBA en relaci\u00f3n con el objeto de compraventa y sustituyen a cualquier otro pacto, acuerdo o promesa anterior convenida verbalmente o por escrito por las mismas partes.<\/p>\n\n\n\n<p>El Usuario y AUTOESCOLA BELBA reconocen haber consentido la celebraci\u00f3n de un contrato sin haber confiado en ninguna declaraci\u00f3n o promesa hecha por la otra parte, salvo aquello que figura expresamente mencionado en las presentes Condiciones.<\/p>\n\n\n\n<p><strong>12<\/strong><strong>.<\/strong><strong> <\/strong><strong>PROTECCI\u00d3N<\/strong><strong> <\/strong><strong>DE<\/strong><strong> <\/strong><strong>DATOS<\/strong><\/p>\n\n\n\n<p>La informaci\u00f3n o datos de car\u00e1cter personal que el Usuario facilite a AUTOESCOLA BELBA en el curso de una transacci\u00f3n en el Sitio Web, ser\u00e1n tratados con arreglo a lo establecido en las pol\u00edticas de protecci\u00f3n de datos (Aviso Legal y Pol\u00edtica de privacidad). Al hacer acceder, navegar y\/o usar el Sitio Web el Usuario consiente el tratamiento de dicha informaci\u00f3n y datos y declara que toda la informaci\u00f3n o datos que facilita son veraces.<\/p>\n\n\n\n<p><strong>13<\/strong><strong>.<\/strong><strong> <\/strong><strong>QUEJAS<\/strong><strong> <\/strong><strong>Y<\/strong><strong> <\/strong><strong>RECLAMACIONES<\/strong><\/p>\n\n\n\n<p>El Usuario puede hacer llegar a AUTOESCOLA BELBA sus quejas, reclamaciones o todo otro comentario que desee realizar a trav\u00e9s de los datos de contacto que se facilitan al principio de estas Condiciones (Informaci\u00f3n General).<\/p>\n\n\n\n<p>Adem\u00e1s, AUTOESCOLA BELBA dispone de hojas oficiales de reclamaci\u00f3n a disposici\u00f3n de los consumidores y usuarios, y que estos pueden solicitar a AUTOESCOLA BELBA en cualquier momento, utilizando los datos de contacto que se facilitan al principio de estas Condiciones (Informaci\u00f3n General).<\/p>\n","protected":false},"excerpt":{"rendered":"<p>1.&nbsp; &nbsp;INFORMACI\u00d3N GENERAL La titularidad de este sitio web, www.autoescolabelba.com (en adelante Sitio Web) la ostenta: AUTOESCOLA BELBA SL (en adelante, AUTOESCOLA BELBA), cuyos datos de contacto son: Avda. P\u00e9rez Gald\u00f3s, otr 5, 12002 Castell\u00f3 de la Plana (Castell\u00f3n); info@autoescolabelba.com Este documento (as\u00ed como otros documentos que aqu\u00ed se mencionen) regula las condiciones por las [&hellip;]<\/p>\n","protected":false},"author":1,"featured_media":0,"parent":0,"menu_order":0,"comment_status":"closed","ping_status":"closed","template":"","meta":{"footnotes":""},"class_list":["post-79","page","type-page","status-publish","hentry"],"_links":{"self":[{"href":"https:\/\/www.autoescolabelba.com\/tienda\/wp-json\/wp\/v2\/pages\/79","targetHints":{"allow":["GET"]}}],"collection":[{"href":"https:\/\/www.autoescolabelba.com\/tienda\/wp-json\/wp\/v2\/pages"}],"about":[{"href":"https:\/\/www.autoescolabelba.com\/tienda\/wp-json\/wp\/v2\/types\/page"}],"author":[{"embeddable":true,"href":"https:\/\/www.autoescolabelba.com\/tienda\/wp-json\/wp\/v2\/users\/1"}],"replies":[{"embeddable":true,"href":"https:\/\/www.autoescolabelba.com\/tienda\/wp-json\/wp\/v2\/comments?post=79"}],"version-history":[{"count":14,"href":"https:\/\/www.autoescolabelba.com\/tienda\/wp-json\/wp\/v2\/pages\/79\/revisions"}],"predecessor-version":[{"id":11816,"href":"https:\/\/www.autoescolabelba.com\/tienda\/wp-json\/wp\/v2\/pages\/79\/revisions\/11816"}],"wp:attachment":[{"href":"https:\/\/www.autoescolabelba.com\/tienda\/wp-json\/wp\/v2\/media?parent=79"}],"curies":[{"name":"wp","href":"https:\/\/api.w.org\/{rel}","templated":true}]}}